{"id":791,"date":"2026-04-15T16:44:29","date_gmt":"2026-04-15T16:44:29","guid":{"rendered":"https:\/\/artsilva.ro\/?page_id=791"},"modified":"2026-04-15T16:44:29","modified_gmt":"2026-04-15T16:44:29","slug":"cart","status":"publish","type":"page","link":"https:\/\/artsilva.ro\/?page_id=791","title":{"rendered":"Cart"},"content":{"rendered":"\n<div data-block-name=\"woocommerce\/cart\" class=\"wp-block-woocommerce-cart alignwide is-loading\">\n<div data-block-name=\"woocommerce\/filled-cart-block\" class=\"wp-block-woocommerce-filled-cart-block\">\n<div data-block-name=\"woocommerce\/cart-items-block\" class=\"wp-block-woocommerce-cart-items-block\">\n<div data-block-name=\"woocommerce\/cart-line-items-block\" class=\"wp-block-woocommerce-cart-line-items-block\"><\/div>\n\n\n<\/div>\n\n\n\n\n<div data-block-name=\"woocommerce\/cart-totals-block\" class=\"wp-block-woocommerce-cart-totals-block\">\n<div data-block-name=\"woocommerce\/cart-order-summary-block\" class=\"wp-block-woocommerce-cart-order-summary-block\">\n<div data-block-name=\"woocommerce\/cart-order-summary-heading-block\" class=\"wp-block-woocommerce-cart-order-summary-heading-block\"><\/div><div data-block-name=\"woocommerce\/cart-order-summary-coupon-form-block\" class=\"wp-block-woocommerce-cart-order-summary-coupon-form-block\"><\/div><div data-block-name=\"woocommerce\/cart-order-summary-totals-block\" class=\"wp-block-woocommerce-cart-order-summary-totals-block\">\n<div data-block-name=\"woocommerce\/cart-order-summary-subtotal-block\" class=\"wp-block-woocommerce-cart-order-summary-subtotal-block\"><\/div>\n<div data-block-name=\"woocommerce\/cart-order-summary-discount-block\" class=\"wp-block-woocommerce-cart-order-summary-discount-block\"><\/div>\n<div data-block-name=\"woocommerce\/cart-order-summary-fee-block\" class=\"wp-block-woocommerce-cart-order-summary-fee-block\"><\/div>\n<div data-block-name=\"woocommerce\/cart-order-summary-shipping-block\" class=\"wp-block-woocommerce-cart-order-summary-shipping-block\"><\/div>\n<div data-block-name=\"woocommerce\/cart-order-summary-taxes-block\" class=\"wp-block-woocommerce-cart-order-summary-taxes-block\"><\/div><\/div>\n<\/div>\n\n\n\n<div data-block-name=\"woocommerce\/cart-express-payment-block\" class=\"wp-block-woocommerce-cart-express-payment-block\"><\/div>\n\n\n\n<div data-block-name=\"woocommerce\/proceed-to-checkout-block\" class=\"wp-block-woocommerce-proceed-to-checkout-block\"><\/div>\n\n\n\n<div data-block-name=\"woocommerce\/cart-accepted-payment-methods-block\" class=\"wp-block-woocommerce-cart-accepted-payment-methods-block\"><\/div>\n<\/div>\n<\/div>\n\n\n\n<div data-block-name=\"woocommerce\/empty-cart-block\" class=\"wp-block-woocommerce-empty-cart-block\">\n<h2 class=\"wp-block-heading has-text-align-center with-empty-cart-icon wc-block-cart__empty-cart__title\">Your cart is currently empty!<\/h2>\n\n\n\n<hr class=\"wp-block-separator has-alpha-channel-opacity is-style-dots\"\/>\n\n\n\n<h2 class=\"wp-block-heading has-text-align-center\">New in store<\/h2>\n\n\n<div data-block-name=\"woocommerce\/product-new\" data-columns=\"4\" data-rows=\"1\" class=\"wc-block-grid wp-block-product-new wp-block-woocommerce-product-new wc-block-product-new has-4-columns\"><ul class=\"wc-block-grid__products\"><li class=\"wc-block-grid__product\">\n\t\t\t\t<a href=\"https:\/\/artsilva.ro\/?product=umbrela-rotunda-impletita-din-nuiele-de-rachita-natur-diametru-244cm\" class=\"wc-block-grid__product-link\">\n\t\t\t\t\t\n\t\t\t\t\t<div class=\"wc-block-grid__product-image\"><img fetchpriority=\"high\" decoding=\"async\" width=\"500\" height=\"500\" src=\"https:\/\/artsilva.ro\/wp-content\/uploads\/2026\/04\/54df9e5e-3135-42ff-a052-048e64e088e9-500x500.png\" class=\"attachment-woocommerce_thumbnail size-woocommerce_thumbnail\" alt=\"RONDA NATURA \u00d8 2,44 m\" srcset=\"https:\/\/artsilva.ro\/wp-content\/uploads\/2026\/04\/54df9e5e-3135-42ff-a052-048e64e088e9-500x500.png 500w, https:\/\/artsilva.ro\/wp-content\/uploads\/2026\/04\/54df9e5e-3135-42ff-a052-048e64e088e9-300x300.png 300w, https:\/\/artsilva.ro\/wp-content\/uploads\/2026\/04\/54df9e5e-3135-42ff-a052-048e64e088e9-1024x1024.png 1024w, https:\/\/artsilva.ro\/wp-content\/uploads\/2026\/04\/54df9e5e-3135-42ff-a052-048e64e088e9-150x150.png 150w, https:\/\/artsilva.ro\/wp-content\/uploads\/2026\/04\/54df9e5e-3135-42ff-a052-048e64e088e9-768x768.png 768w, https:\/\/artsilva.ro\/wp-content\/uploads\/2026\/04\/54df9e5e-3135-42ff-a052-048e64e088e9-100x100.png 100w, https:\/\/artsilva.ro\/wp-content\/uploads\/2026\/04\/54df9e5e-3135-42ff-a052-048e64e088e9.png 1254w\" sizes=\"(max-width: 500px) 100vw, 500px\" \/><\/div>\n\t\t\t\t\t<div class=\"wc-block-grid__product-title\">RONDA NATURA \u00d8 2,44 m<\/div>\n\t\t\t\t<\/a>\n\t\t\t\t<div class=\"wc-block-grid__product-price price\"><span class=\"woocommerce-Price-amount amount\">1.050&nbsp;<span class=\"woocommerce-Price-currencySymbol\">lei<\/span><\/span><\/div>\n\t\t\t\t\n\t\t\t\t<div class=\"wp-block-button wc-block-grid__product-add-to-cart\"><a href=\"\/index.php?rest_route=%2Fwp%2Fv2%2Fpages%2F791&#038;add-to-cart=826\" aria-label=\"Add to cart: &ldquo;RONDA NATURA \u00d8 2,44 m&rdquo;\" data-quantity=\"1\" data-product_id=\"826\" data-product_sku=\"UMB-R-S-RAC-200-N-N-SL-1\" data-price=\"1050\" rel=\"nofollow\" class=\"wp-block-button__link  add_to_cart_button ajax_add_to_cart\">Adaug\u0103 \u00een co\u0219<\/a><\/div>\n\t\t\t<\/li><li class=\"wc-block-grid__product\">\n\t\t\t\t<a href=\"https:\/\/artsilva.ro\/?product=umbrela-ovala-impletita-din-nuiele-de-rachita-natur-lungime-300cm\" class=\"wc-block-grid__product-link\">\n\t\t\t\t\t\n\t\t\t\t\t<div class=\"wc-block-grid__product-image\"><img decoding=\"async\" width=\"500\" height=\"500\" src=\"https:\/\/artsilva.ro\/wp-content\/uploads\/2026\/04\/umbrela-ovala4-500x500.webp\" class=\"attachment-woocommerce_thumbnail size-woocommerce_thumbnail\" alt=\"Umbrel\u0103 de soare oval\u0103 3 x 2m, \u00eempletit\u0103 din nuiele de r\u0103chit\u0103 natur\" srcset=\"https:\/\/artsilva.ro\/wp-content\/uploads\/2026\/04\/umbrela-ovala4-500x500.webp 500w, https:\/\/artsilva.ro\/wp-content\/uploads\/2026\/04\/umbrela-ovala4-300x300.webp 300w, https:\/\/artsilva.ro\/wp-content\/uploads\/2026\/04\/umbrela-ovala4-1024x1024.webp 1024w, https:\/\/artsilva.ro\/wp-content\/uploads\/2026\/04\/umbrela-ovala4-150x150.webp 150w, https:\/\/artsilva.ro\/wp-content\/uploads\/2026\/04\/umbrela-ovala4-768x768.webp 768w, https:\/\/artsilva.ro\/wp-content\/uploads\/2026\/04\/umbrela-ovala4-1320x1320.webp 1320w, https:\/\/artsilva.ro\/wp-content\/uploads\/2026\/04\/umbrela-ovala4-100x100.webp 100w, https:\/\/artsilva.ro\/wp-content\/uploads\/2026\/04\/umbrela-ovala4.webp 1500w\" sizes=\"(max-width: 500px) 100vw, 500px\" \/><\/div>\n\t\t\t\t\t<div class=\"wc-block-grid__product-title\">OVALIS NATURA 3 x 2 m<\/div>\n\t\t\t\t<\/a>\n\t\t\t\t<div class=\"wc-block-grid__product-price price\"><span class=\"woocommerce-Price-amount amount\">1.560&nbsp;<span class=\"woocommerce-Price-currencySymbol\">lei<\/span><\/span><\/div>\n\t\t\t\t\n\t\t\t\t<div class=\"wp-block-button wc-block-grid__product-add-to-cart\"><a href=\"\/index.php?rest_route=%2Fwp%2Fv2%2Fpages%2F791&#038;add-to-cart=816\" aria-label=\"Add to cart: &ldquo;OVALIS NATURA 3 x 2 m&rdquo;\" data-quantity=\"1\" data-product_id=\"816\" data-product_sku=\"UMB-O-S-RAC-300-N-N-SL\" data-price=\"1560\" rel=\"nofollow\" class=\"wp-block-button__link  add_to_cart_button ajax_add_to_cart\">Adaug\u0103 \u00een co\u0219<\/a><\/div>\n\t\t\t<\/li><li class=\"wc-block-grid__product\">\n\t\t\t\t<a href=\"https:\/\/artsilva.ro\/?product=803\" class=\"wc-block-grid__product-link\">\n\t\t\t\t\t\n\t\t\t\t\t<div class=\"wc-block-grid__product-image\"><img decoding=\"async\" width=\"500\" height=\"500\" src=\"https:\/\/artsilva.ro\/wp-content\/uploads\/2026\/04\/6c68ba47-db7b-4717-af88-a12e69d9243e-500x500.jpeg\" class=\"attachment-woocommerce_thumbnail size-woocommerce_thumbnail\" alt=\"Umbrel\u0103 de soare p\u0103trat\u0103 de 2 x 2m, \u00eempletit\u0103 din nuiele de r\u0103chit\u0103 natur.\" srcset=\"https:\/\/artsilva.ro\/wp-content\/uploads\/2026\/04\/6c68ba47-db7b-4717-af88-a12e69d9243e-500x500.jpeg 500w, https:\/\/artsilva.ro\/wp-content\/uploads\/2026\/04\/6c68ba47-db7b-4717-af88-a12e69d9243e-300x300.jpeg 300w, https:\/\/artsilva.ro\/wp-content\/uploads\/2026\/04\/6c68ba47-db7b-4717-af88-a12e69d9243e-150x150.jpeg 150w, https:\/\/artsilva.ro\/wp-content\/uploads\/2026\/04\/6c68ba47-db7b-4717-af88-a12e69d9243e-768x768.jpeg 768w, https:\/\/artsilva.ro\/wp-content\/uploads\/2026\/04\/6c68ba47-db7b-4717-af88-a12e69d9243e-100x100.jpeg 100w, https:\/\/artsilva.ro\/wp-content\/uploads\/2026\/04\/6c68ba47-db7b-4717-af88-a12e69d9243e.jpeg 1024w\" sizes=\"(max-width: 500px) 100vw, 500px\" \/><\/div>\n\t\t\t\t\t<div class=\"wc-block-grid__product-title\">QUADRA NATURA 2 x 2 m<\/div>\n\t\t\t\t<\/a>\n\t\t\t\t<div class=\"wc-block-grid__product-price price\"><span class=\"woocommerce-Price-amount amount\">985&nbsp;<span class=\"woocommerce-Price-currencySymbol\">lei<\/span><\/span><\/div>\n\t\t\t\t\n\t\t\t\t<div class=\"wp-block-button wc-block-grid__product-add-to-cart\"><a href=\"\/index.php?rest_route=%2Fwp%2Fv2%2Fpages%2F791&#038;add-to-cart=803\" aria-label=\"Add to cart: &ldquo;QUADRA NATURA 2 x 2 m&rdquo;\" data-quantity=\"1\" data-product_id=\"803\" data-product_sku=\"UMB-P-S-RAC-200-N-N-SL\" data-price=\"985\" rel=\"nofollow\" class=\"wp-block-button__link  add_to_cart_button ajax_add_to_cart\">Adaug\u0103 \u00een co\u0219<\/a><\/div>\n\t\t\t<\/li><li class=\"wc-block-grid__product\">\n\t\t\t\t<a href=\"https:\/\/artsilva.ro\/?product=umbrela-rotunda-impletita-din-nuiele-de-rachita-natur\" class=\"wc-block-grid__product-link\">\n\t\t\t\t\t\n\t\t\t\t\t<div class=\"wc-block-grid__product-image\"><img loading=\"lazy\" decoding=\"async\" width=\"500\" height=\"500\" src=\"https:\/\/artsilva.ro\/wp-content\/uploads\/2026\/04\/bf7365c2-5ab3-4c72-8172-64cb79b9827b-500x500.jpeg\" class=\"attachment-woocommerce_thumbnail size-woocommerce_thumbnail\" alt=\"Umbrel\u0103 de soare rotund\u0103 200cm diametru, \u00eempletit\u0103 din nuiele de r\u0103chit\u0103 natur. Materiale naturale pentru confort natural.\" srcset=\"https:\/\/artsilva.ro\/wp-content\/uploads\/2026\/04\/bf7365c2-5ab3-4c72-8172-64cb79b9827b-500x500.jpeg 500w, https:\/\/artsilva.ro\/wp-content\/uploads\/2026\/04\/bf7365c2-5ab3-4c72-8172-64cb79b9827b-300x300.jpeg 300w, https:\/\/artsilva.ro\/wp-content\/uploads\/2026\/04\/bf7365c2-5ab3-4c72-8172-64cb79b9827b-150x150.jpeg 150w, https:\/\/artsilva.ro\/wp-content\/uploads\/2026\/04\/bf7365c2-5ab3-4c72-8172-64cb79b9827b-768x768.jpeg 768w, https:\/\/artsilva.ro\/wp-content\/uploads\/2026\/04\/bf7365c2-5ab3-4c72-8172-64cb79b9827b-100x100.jpeg 100w, https:\/\/artsilva.ro\/wp-content\/uploads\/2026\/04\/bf7365c2-5ab3-4c72-8172-64cb79b9827b.jpeg 1024w\" sizes=\"(max-width: 500px) 100vw, 500px\" \/><\/div>\n\t\t\t\t\t<div class=\"wc-block-grid__product-title\">RONDA NATURA \u00d8 2 m<\/div>\n\t\t\t\t<\/a>\n\t\t\t\t<div class=\"wc-block-grid__product-price price\"><span class=\"woocommerce-Price-amount amount\">750&nbsp;<span class=\"woocommerce-Price-currencySymbol\">lei<\/span><\/span><\/div>\n\t\t\t\t\n\t\t\t\t<div class=\"wp-block-button wc-block-grid__product-add-to-cart\"><a href=\"\/index.php?rest_route=%2Fwp%2Fv2%2Fpages%2F791&#038;add-to-cart=798\" aria-label=\"Add to cart: &ldquo;RONDA NATURA \u00d8 2 m&rdquo;\" data-quantity=\"1\" data-product_id=\"798\" data-product_sku=\"UMB-R-S-RAC-200-N-N-SL\" data-price=\"750\" rel=\"nofollow\" class=\"wp-block-button__link  add_to_cart_button ajax_add_to_cart\">Adaug\u0103 \u00een co\u0219<\/a><\/div>\n\t\t\t<\/li><\/ul><\/div><\/div>\n<\/div>\n","protected":false},"excerpt":{"rendered":"","protected":false},"author":1,"featured_media":0,"parent":0,"menu_order":0,"comment_status":"closed","ping_status":"closed","template":"","meta":{"_acf_changed":false,"footnotes":""},"class_list":["post-791","page","type-page","status-publish","hentry"],"acf":[],"jetpack_sharing_enabled":true,"_links":{"self":[{"href":"https:\/\/artsilva.ro\/index.php?rest_route=\/wp\/v2\/pages\/791","targetHints":{"allow":["GET"]}}],"collection":[{"href":"https:\/\/artsilva.ro\/index.php?rest_route=\/wp\/v2\/pages"}],"about":[{"href":"https:\/\/artsilva.ro\/index.php?rest_route=\/wp\/v2\/types\/page"}],"author":[{"embeddable":true,"href":"https:\/\/artsilva.ro\/index.php?rest_route=\/wp\/v2\/users\/1"}],"replies":[{"embeddable":true,"href":"https:\/\/artsilva.ro\/index.php?rest_route=%2Fwp%2Fv2%2Fcomments&post=791"}],"version-history":[{"count":0,"href":"https:\/\/artsilva.ro\/index.php?rest_route=\/wp\/v2\/pages\/791\/revisions"}],"wp:attachment":[{"href":"https:\/\/artsilva.ro\/index.php?rest_route=%2Fwp%2Fv2%2Fmedia&parent=791"}],"curies":[{"name":"wp","href":"https:\/\/api.w.org\/{rel}","templated":true}]}}